{"id":9422,"date":"2023-04-19T10:33:11","date_gmt":"2023-04-19T10:33:11","guid":{"rendered":"https:\/\/mariamolinapeiro.com\/?page_id=9422"},"modified":"2023-05-17T07:55:35","modified_gmt":"2023-05-17T07:55:35","slug":"publications-2","status":"publish","type":"page","link":"https:\/\/mariamolinapeiro.com\/?page_id=9422","title":{"rendered":"PUBLICATIONS"},"content":{"rendered":"<div  class=\"tatsu-7379h9iTiE tatsu-section  tatsu-bg-overlay   tatsu-clearfix\" data-title=\"\"  data-headerscheme=\"background--dark\"><div class='tatsu-section-pad clearfix' data-padding='{\"d\":\"90px 0px 0px 0px\"}' data-padding-top='90px'><div class=\"tatsu-row-wrap  tatsu-wrap tatsu-row-one-col tatsu-row-has-one-cols tatsu-medium-gutter tatsu-reg-cols  tatsu-clearfix tatsu-Un4ghxdZq_\" ><div  class=\"tatsu-row \" ><div  class=\"tatsu-column  tatsu-bg-overlay tatsu-one-col tatsu-column-image-none tatsu-column-effect-none  tatsu-n9MIFHRA3\"  data-parallax-speed=\"0\" style=\"\"><div class=\"tatsu-column-inner \" ><div class=\"tatsu-column-pad-wrap\"><div class=\"tatsu-column-pad\" ><div  class=\"tatsu-module tatsu-text-block-wrap tatsu-pr2bW0gwK  \"><div class=\"tatsu-text-inner tatsu-align-center  clearfix\" ><style>.tatsu-pr2bW0gwK.tatsu-text-block-wrap .tatsu-text-inner{width: 100%;text-align: left;}.tatsu-pr2bW0gwK.tatsu-text-block-wrap{margin: 0px 0px 0px 0px;}<\/style>\n<h2>PUBLICATIONS<\/h2>\n<\/div><\/div><div  class=\"tatsu-module tatsu-divider-wrap  tatsu-NEmGpM9i5   \"  ><style>.tatsu-NEmGpM9i5 .tatsu-divider{height: 1px;width: 100%;background: rgba(0,0,0,1);}.tatsu-NEmGpM9i5.tatsu-divider-wrap{text-align: left;}<\/style><hr class=\"tatsu-divider\"\/><\/div><\/div><\/div><div class = \"tatsu-column-bg-image-wrap\"><div class = \"tatsu-column-bg-image\" ><\/div><\/div><div class=\"tatsu-overlay tatsu-column-overlay tatsu-animate-none\" ><\/div><\/div><style>.tatsu-row > .tatsu-n9MIFHRA3.tatsu-column{width: 100%;}.tatsu-n9MIFHRA3.tatsu-column > .tatsu-column-inner > .tatsu-column-overlay{mix-blend-mode: normal;}.tatsu-n9MIFHRA3 > .tatsu-column-inner > .tatsu-top-divider{z-index: 9999;}.tatsu-n9MIFHRA3 > .tatsu-column-inner > .tatsu-bottom-divider{z-index: 9999;}.tatsu-n9MIFHRA3 > .tatsu-column-inner > .tatsu-left-divider{z-index: 9999;}.tatsu-n9MIFHRA3 > .tatsu-column-inner > .tatsu-right-divider{z-index: 9999;}@media only screen and (max-width:1377px) {.tatsu-row > .tatsu-n9MIFHRA3.tatsu-column{width: 100%;}}@media only screen and (min-width:768px) and (max-width: 1024px) {.tatsu-row > .tatsu-n9MIFHRA3.tatsu-column{width: 100%;}}@media only screen and (max-width: 767px) {.tatsu-row > .tatsu-n9MIFHRA3.tatsu-column{width: 100%;}}<\/style><\/div><\/div><\/div><\/div><div class=\"tatsu-section-background-wrap\"><div class = \"tatsu-section-background\" ><\/div><\/div><div class=\"tatsu-overlay tatsu-section-overlay\"><\/div><style>.tatsu-7379h9iTiE .tatsu-section-pad{padding: 90px 0px 0px 0px;}.tatsu-7379h9iTiE .tatsu-section-offset-wrap{transform: translateY(-0px);}.tatsu-7379h9iTiE > .tatsu-bottom-divider{z-index: 9999;}.tatsu-7379h9iTiE > .tatsu-top-divider{z-index: 9999;}.tatsu-7379h9iTiE .tatsu-section-overlay{mix-blend-mode: normal;}<\/style><\/div><div  class=\"tatsu-diQ_0tUIk tatsu-section    tatsu-clearfix\" data-title=\"\"  data-headerscheme=\"background--dark\"><div class='tatsu-section-pad clearfix' data-padding='{\"d\":\"20px 0px 0px 0px\"}' data-padding-top='20px'><div class=\"tatsu-row-wrap  tatsu-wrap tatsu-row-has-one-half tatsu-row-has-two-cols tatsu-medium-gutter tatsu-reg-cols  tatsu-clearfix tatsu-FNygtuOt_9\" ><style>.tatsu-FNygtuOt_9.tatsu-row-wrap > .tatsu-row{padding: 19px 17px 11px 41px;border-width: 1px 1px 1px 1px;border-color: rgba(0,0,0,1); border-style: solid;}<\/style><div  class=\"tatsu-row \" ><div  class=\"tatsu-column  tatsu-column-no-bg tatsu-one-half tatsu-column-align-middle tatsu-column-image-none tatsu-column-effect-none  tatsu-hXWtg4-Zv_\"  data-parallax-speed=\"0\" style=\"\"><div class=\"tatsu-column-inner \" ><div class=\"tatsu-column-pad-wrap\"><div class=\"tatsu-column-pad\" ><div  class=\"tatsu-module tatsu-inline-text clearfix tatsu-0fLnpo3l8i   \" ><style>.tatsu-0fLnpo3l8i .tatsu-inline-text-inner{width: 100%;text-align: left;}<\/style><div class=\"tatsu-inline-text-inner \">\n<h4><span style=\"color: #000000;\">OFFLINE BROWSER<\/span><\/h4>\n<h6 style=\"text-align: justify;\"><span style=\"text-align: left; letter-spacing: 0px; color: #222222; font-family: 'Avenir Next'; font-size: 18px; background-color: #ffffff;\"><span style=\"color: #000000;\">The<\/span> catalogue was published in conjunction with the 2018 edition and 6th Taiwan International Video Art Exhibition.\u00a0<\/span><\/h6>\n<\/div><\/div><div  class=\"tatsu-module tatsu-normal-button tatsu-button-wrap   tatsu-sHmcqi5L9I   \"><a class=\"tatsu-shortcode mediumbtn tatsu-button left-icon    bg-animation-none  \" href=\"https:\/\/www.twvideoart.org\/tiva_18\/\" style= \"\"  aria-label=\"More Info\" data-gdpr-atts={} ><i class=\"tatsu-icon icon-arrow_carrot-2right\"><\/i>More Info<\/a><style>.tatsu-sHmcqi5L9I .tatsu-button{background-color: rgba(255,255,255,1);color: rgba(0,0,0,1) ;}<\/style><\/div><\/div><\/div><div class = \"tatsu-column-bg-image-wrap\"><div class = \"tatsu-column-bg-image\" ><\/div><\/div><\/div><style>.tatsu-row > .tatsu-hXWtg4-Zv_.tatsu-column{width: 65%;}.tatsu-hXWtg4-Zv_.tatsu-column > .tatsu-column-inner > .tatsu-column-overlay{mix-blend-mode: none;}.tatsu-hXWtg4-Zv_ > .tatsu-column-inner > .tatsu-top-divider{z-index: 9999;}.tatsu-hXWtg4-Zv_ > .tatsu-column-inner > .tatsu-bottom-divider{z-index: 9999;}.tatsu-hXWtg4-Zv_ > .tatsu-column-inner > .tatsu-left-divider{z-index: 9999;}.tatsu-hXWtg4-Zv_ > .tatsu-column-inner > .tatsu-right-divider{z-index: 9999;}@media only screen and (max-width: 767px) {.tatsu-row > .tatsu-hXWtg4-Zv_.tatsu-column{width: 100%;}}<\/style><\/div><div  class=\"tatsu-column  tatsu-column-no-bg tatsu-one-half tatsu-column-align-middle tatsu-column-image-none tatsu-column-effect-none  tatsu-ADul-0u4TI\"  data-parallax-speed=\"0\" style=\"\"><div class=\"tatsu-column-inner \" ><div class=\"tatsu-column-pad-wrap\"><div class=\"tatsu-column-pad\" ><div  class=\"tatsu-single-image tatsu-module align-center tatsu-external-image tatsu-xrD79Xkc-s  \" ><div class=\"tatsu-single-image-inner \" style=\"\" ><div class = \"tatsu-single-image-padding-wrap\" style = \"\" ><\/div><img class = \"tatsu-gradient-border\" src = \"https:\/\/mariamolinapeiro.com\/wp-content\/uploads\/maria-molina-peiro-videoart.jpg\" alt =\" \"  \/><\/div><style>.tatsu-xrD79Xkc-s{margin: 0px 0px 0px 0px;}.tatsu-xrD79Xkc-s .tatsu-single-image-inner{border-style: solid;max-width: 100%;}.tatsu-xrD79Xkc-s.tatsu-single-image{transform: translate3d(0px,0px, 0);}<\/style><\/div><div  class=\"tatsu-single-image tatsu-module tatsu-image-lazyload tatsu-external-image tatsu-PAouL1609  \" ><div class=\"tatsu-single-image-inner \" style=\"\" ><div class = \"tatsu-single-image-padding-wrap\" style = \"\" ><\/div><img class = \"tatsu-gradient-border\" data-src = \"https:\/\/mariamolinapeiro.com\/wp-content\/uploads\/c1-00405_p03.webp\" alt =\" \"  src =\"data:image\/png;base64,iVBORw0KGgoAAAANSUhEUgAAAAEAAAABCAQAAAC1HAwCAAAAC0lEQVR42mNkYAAAAAYAAjCB0C8AAAAASUVORK5CYII=\"  \/><\/div><style>.tatsu-PAouL1609 .tatsu-single-image-inner{border-style: solid;max-width: 100%;}.tatsu-PAouL1609.tatsu-single-image{transform: translate3d(0px,0px, 0);}<\/style><\/div><\/div><\/div><div class = \"tatsu-column-bg-image-wrap\"><div class = \"tatsu-column-bg-image\" ><\/div><\/div><\/div><style>.tatsu-row > .tatsu-ADul-0u4TI.tatsu-column{width: 35%;}.tatsu-ADul-0u4TI.tatsu-column > .tatsu-column-inner > .tatsu-column-overlay{mix-blend-mode: none;}.tatsu-ADul-0u4TI > .tatsu-column-inner > .tatsu-top-divider{z-index: 9999;}.tatsu-ADul-0u4TI > .tatsu-column-inner > .tatsu-bottom-divider{z-index: 9999;}.tatsu-ADul-0u4TI > .tatsu-column-inner > .tatsu-left-divider{z-index: 9999;}.tatsu-ADul-0u4TI > .tatsu-column-inner > .tatsu-right-divider{z-index: 9999;}@media only screen and (max-width: 767px) {.tatsu-row > .tatsu-ADul-0u4TI.tatsu-column{width: 100%;}}<\/style><\/div><\/div><\/div><\/div><div class=\"tatsu-section-background-wrap\"><div class = \"tatsu-section-background\" ><\/div><\/div><style>.tatsu-diQ_0tUIk .tatsu-section-pad{padding: 20px 0px 0px 0px;}.tatsu-diQ_0tUIk > .tatsu-bottom-divider{z-index: 9999;}.tatsu-diQ_0tUIk > .tatsu-top-divider{z-index: 9999;}<\/style><\/div><div  class=\"tatsu-wu1h64P0X tatsu-section    tatsu-clearfix\" data-title=\"\"  data-headerscheme=\"background--dark\"><div class='tatsu-section-pad clearfix' data-padding='{\"d\":\"30px 0px 30px 0px\"}' data-padding-top='30px'><div class=\"tatsu-row-wrap  tatsu-wrap tatsu-row-has-one-half tatsu-row-has-two-cols tatsu-medium-gutter tatsu-reg-cols  tatsu-clearfix tatsu--3oJLhmPqR\" ><style>.tatsu--3oJLhmPqR.tatsu-row-wrap > .tatsu-row{padding: 19px 17px 10px 39px;border-width: 1px 1px 1px 1px;border-color: rgba(0,0,0,1); border-style: solid;}<\/style><div  class=\"tatsu-row \" ><div  class=\"tatsu-column  tatsu-column-no-bg tatsu-one-half tatsu-column-align-middle tatsu-column-image-none tatsu-column-effect-none  tatsu-9Z-eW9ztWQ\"  data-parallax-speed=\"0\" style=\"\"><div class=\"tatsu-column-inner \" ><div class=\"tatsu-column-pad-wrap\"><div class=\"tatsu-column-pad\" ><div  class=\"tatsu-module tatsu-inline-text clearfix tatsu-hs-uY__av1   \" ><style>.tatsu-hs-uY__av1 .tatsu-inline-text-inner{width: 100%;text-align: left;}<\/style><div class=\"tatsu-inline-text-inner \">\n<h4><span style=\"color: #000000;\">ARTE DESDE ANDALUC\u00cdA PARA EL S.XXI (<span class=\"field field--name-title field--type-string field--label-hidden\">Art from Andalusia to the 21st century)<\/span><\/span><\/h4>\n<h5 class=\"p1\" style=\"font-variant-numeric: normal; font-variant-east-asian: normal; font-variant-alternates: normal; font-kerning: auto; font-optical-sizing: auto; font-feature-settings: normal; font-variation-settings: normal; font-stretch: normal; line-height: normal; background-color: #ffffff; text-align: justify;\"><span style=\"color: #1a1a1a; font-family: Avenir Next;\"><span style=\"font-size: 18px;\">Catalogue coordinated by Iv\u00e1n de la Torre Amerighi, that brings together the trajectory and the work of a whole generation of Andalusian artist. <\/span><\/span><span style=\"color: #1a1a1a; font-family: Avenir Next;\"><span style=\"font-size: 18px;\">Published by the Consejer\u00eda de Cultura de la Junta de Andaluc\u00eda (Andalusian Regional Government)<\/span><\/span><\/h5>\n<\/div><\/div><div  class=\"tatsu-module tatsu-normal-button tatsu-button-wrap   tatsu-Cp_I_1cmWt   \"><a class=\"tatsu-shortcode mediumbtn tatsu-button left-icon    bg-animation-none  \" href=\"https:\/\/www.amazon.es\/desde-Andaluc%C3%ADa-sigloxxi-andalusia-century\/dp\/8482667556\" style= \"\"  aria-label=\"More Info\" data-gdpr-atts={} ><i class=\"tatsu-icon icon-arrow_carrot-2right\"><\/i>More Info<\/a><style>.tatsu-Cp_I_1cmWt .tatsu-button{background-color: rgba(255,255,255,1);color: rgba(0,0,0,1) ;}<\/style><\/div><\/div><\/div><div class = \"tatsu-column-bg-image-wrap\"><div class = \"tatsu-column-bg-image\" ><\/div><\/div><\/div><style>.tatsu-row > .tatsu-9Z-eW9ztWQ.tatsu-column{width: 65%;}.tatsu-9Z-eW9ztWQ.tatsu-column > .tatsu-column-inner > .tatsu-column-overlay{mix-blend-mode: none;}.tatsu-9Z-eW9ztWQ > .tatsu-column-inner > .tatsu-top-divider{z-index: 9999;}.tatsu-9Z-eW9ztWQ > .tatsu-column-inner > .tatsu-bottom-divider{z-index: 9999;}.tatsu-9Z-eW9ztWQ > .tatsu-column-inner > .tatsu-left-divider{z-index: 9999;}.tatsu-9Z-eW9ztWQ > .tatsu-column-inner > .tatsu-right-divider{z-index: 9999;}@media only screen and (max-width: 767px) {.tatsu-row > .tatsu-9Z-eW9ztWQ.tatsu-column{width: 100%;}}<\/style><\/div><div  class=\"tatsu-column  tatsu-column-no-bg tatsu-one-half tatsu-column-align-middle tatsu-column-image-none tatsu-column-effect-none  tatsu-8gwiAFZ1gR\"  data-parallax-speed=\"0\" style=\"\"><div class=\"tatsu-column-inner \" ><div class=\"tatsu-column-pad-wrap\"><div class=\"tatsu-column-pad\" ><div  class=\"tatsu-single-image tatsu-module align-center tatsu-external-image tatsu-7g2Eq717s4  \" ><div class=\"tatsu-single-image-inner \" style=\"\" ><div class = \"tatsu-single-image-padding-wrap\" style = \"\" ><\/div><img class = \"tatsu-gradient-border\" src = \"https:\/\/mariamolinapeiro.com\/wp-content\/uploads\/MARIA-MOLINA-PEIRO-ANDALUCIA-ARTISTAS-ARTIST-ANDALUSIAN.jpg\" alt =\" \"  \/><\/div><style>.tatsu-7g2Eq717s4{margin: 0px 0px 0px 0px;}.tatsu-7g2Eq717s4 .tatsu-single-image-inner{border-style: solid;max-width: 100%;}.tatsu-7g2Eq717s4.tatsu-single-image{transform: translate3d(0px,0px, 0);}<\/style><\/div><div  class=\"tatsu-single-image tatsu-module tatsu-image-lazyload tatsu-external-image tatsu-3Fffw8OxR  \" ><div class=\"tatsu-single-image-inner \" style=\"\" ><div class = \"tatsu-single-image-padding-wrap\" style = \"\" ><\/div><img class = \"tatsu-gradient-border\" data-src = \"https:\/\/mariamolinapeiro.com\/wp-content\/uploads\/page_1.jpeg\" alt =\" \"  src =\"data:image\/png;base64,iVBORw0KGgoAAAANSUhEUgAAAAEAAAABCAQAAAC1HAwCAAAAC0lEQVR42mNkYAAAAAYAAjCB0C8AAAAASUVORK5CYII=\"  \/><\/div><style>.tatsu-3Fffw8OxR .tatsu-single-image-inner{border-style: solid;max-width: 100%;}.tatsu-3Fffw8OxR.tatsu-single-image{transform: translate3d(0px,0px, 0);}<\/style><\/div><\/div><\/div><div class = \"tatsu-column-bg-image-wrap\"><div class = \"tatsu-column-bg-image\" ><\/div><\/div><\/div><style>.tatsu-row > .tatsu-8gwiAFZ1gR.tatsu-column{width: 35%;}.tatsu-8gwiAFZ1gR.tatsu-column > .tatsu-column-inner > .tatsu-column-overlay{mix-blend-mode: none;}.tatsu-8gwiAFZ1gR > .tatsu-column-inner > .tatsu-top-divider{z-index: 9999;}.tatsu-8gwiAFZ1gR > .tatsu-column-inner > .tatsu-bottom-divider{z-index: 9999;}.tatsu-8gwiAFZ1gR > .tatsu-column-inner > .tatsu-left-divider{z-index: 9999;}.tatsu-8gwiAFZ1gR > .tatsu-column-inner > .tatsu-right-divider{z-index: 9999;}@media only screen and (max-width: 767px) {.tatsu-row > .tatsu-8gwiAFZ1gR.tatsu-column{width: 100%;}}<\/style><\/div><\/div><\/div><\/div><div class=\"tatsu-section-background-wrap\"><div class = \"tatsu-section-background\" ><\/div><\/div><style>.tatsu-wu1h64P0X.tatsu-section{background-color: rgba(255,255,255,1);}.tatsu-wu1h64P0X .tatsu-section-pad{padding: 30px 0px 30px 0px;}.tatsu-wu1h64P0X > .tatsu-bottom-divider{z-index: 9999;}.tatsu-wu1h64P0X > .tatsu-top-divider{z-index: 9999;}<\/style><\/div><div  class=\"tatsu-W5kQtlTe3 tatsu-section    tatsu-clearfix\" data-title=\"\"  data-headerscheme=\"background--dark\"><div class='tatsu-section-pad clearfix' data-padding='{\"d\":\"30px 0px 30px 0px\"}' data-padding-top='30px'><div class=\"tatsu-row-wrap  tatsu-wrap tatsu-row-has-one-half tatsu-row-has-two-cols tatsu-medium-gutter tatsu-reg-cols  tatsu-clearfix tatsu-0HQc-sckfE\" ><style>.tatsu-0HQc-sckfE.tatsu-row-wrap > .tatsu-row{padding: 22px 21px 12px 34px;border-width: 1px 1px 1px 1px;border-color: rgba(8,0,0,1); border-style: solid;}<\/style><div  class=\"tatsu-row \" ><div  class=\"tatsu-column  tatsu-column-no-bg tatsu-one-half tatsu-column-align-middle tatsu-column-image-none tatsu-column-effect-none  tatsu-ZUGFuudjsY\"  data-parallax-speed=\"0\" style=\"\"><div class=\"tatsu-column-inner \" ><div class=\"tatsu-column-pad-wrap\"><div class=\"tatsu-column-pad\" ><div  class=\"tatsu-module tatsu-inline-text clearfix tatsu-RnqEQxvWAY   \" ><style>.tatsu-RnqEQxvWAY .tatsu-inline-text-inner{width: 100%;text-align: left;}.tatsu-RnqEQxvWAY.tatsu-inline-text .tatsu-inline-text-inner *{font-size : -4px;}<\/style><div class=\"tatsu-inline-text-inner \">\n<h4>ONE DAY I STUMBLE UPON A METEORITE<\/h4>\n<h5 class=\"p1\" style=\"font-variant-numeric: normal; font-variant-east-asian: normal; font-variant-alternates: normal; font-kerning: auto; font-optical-sizing: auto; font-feature-settings: normal; font-variation-settings: normal; font-stretch: normal; font-size: 18px; line-height: normal; font-family: 'Avenir Next'; background-color: #ffffff; text-align: justify;\">As part of the 2019 edition of the LOOP Festival, this exhibition brings together the work of eight artists who differently deploys outer space as a filter through which to represent human desires, life on Earth and the organisation of knowledge.<\/h5>\n<h5 class=\"p1\" style=\"font-variant-numeric: normal; font-variant-east-asian: normal; font-variant-alternates: normal; font-kerning: auto; font-optical-sizing: auto; font-feature-settings: normal; font-variation-settings: normal; font-stretch: normal; font-size: 18px; line-height: normal; font-family: 'Avenir Next'; background-color: #ffffff; text-align: justify;\">With different formats, the pieces by Regina de Miguel, Irene Grau, Abel Jaramillo, Julia Llerena, Mar\u00eda Molina Peir\u00f3, Francisco Navarrete Sitja, Bel\u00e9n Rodr\u00edguez and Pedro Torres, thus, seem to reduce the apparent distance between the universe and everyday life. As if walking down the street we were to stumble upon a meteorite.<\/h5>\n<\/div><\/div><div  class=\"tatsu-module tatsu-normal-button tatsu-button-wrap   tatsu-buHANq04mP   \"><a class=\"tatsu-shortcode mediumbtn tatsu-button left-icon    bg-animation-none  \" href=\"https:\/\/issuu.com\/carolina.ciuti\/docs\/one_day_i_stumbled_upon_a_meteorite__stuffinabooks\" style= \"\"  aria-label=\"Learn More\" data-gdpr-atts={} ><i class=\"tatsu-icon icon-arrow_carrot-2right\"><\/i>Learn More<\/a><style>.tatsu-buHANq04mP .tatsu-button{background-color: rgba(255,255,255,1);color: rgba(0,0,0,1) ;}<\/style><\/div><\/div><\/div><div class = \"tatsu-column-bg-image-wrap\"><div class = \"tatsu-column-bg-image\" ><\/div><\/div><\/div><style>.tatsu-row > .tatsu-ZUGFuudjsY.tatsu-column{width: 65%;}.tatsu-ZUGFuudjsY.tatsu-column > .tatsu-column-inner > .tatsu-column-overlay{mix-blend-mode: none;}.tatsu-ZUGFuudjsY > .tatsu-column-inner > .tatsu-top-divider{z-index: 9999;}.tatsu-ZUGFuudjsY > .tatsu-column-inner > .tatsu-bottom-divider{z-index: 9999;}.tatsu-ZUGFuudjsY > .tatsu-column-inner > .tatsu-left-divider{z-index: 9999;}.tatsu-ZUGFuudjsY > .tatsu-column-inner > .tatsu-right-divider{z-index: 9999;}@media only screen and (max-width: 767px) {.tatsu-row > .tatsu-ZUGFuudjsY.tatsu-column{width: 100%;}}<\/style><\/div><div  class=\"tatsu-column  tatsu-column-no-bg tatsu-one-half tatsu-column-align-middle tatsu-column-image-none tatsu-column-effect-none  tatsu-0Z9tNo0-Xm\"  data-parallax-speed=\"0\" style=\"\"><div class=\"tatsu-column-inner \" ><div class=\"tatsu-column-pad-wrap\"><div class=\"tatsu-column-pad\" ><div  class=\"tatsu-single-image tatsu-module tatsu-external-image tatsu-uZfKsaeqxf  \" ><div class=\"tatsu-single-image-inner \" style=\"\" ><div class = \"tatsu-single-image-padding-wrap\" style = \"\" ><\/div><img class = \"tatsu-gradient-border\" src = \"https:\/\/mariamolinapeiro.com\/wp-content\/uploads\/Screenshot-2023-04-19-at-12.34.49.png\" alt =\" \"  \/><\/div><style>.tatsu-uZfKsaeqxf{margin: 0px 0px 0px 0px;}.tatsu-uZfKsaeqxf .tatsu-single-image-inner{border-style: solid;max-width: 100%;}.tatsu-uZfKsaeqxf.tatsu-single-image{transform: translate3d(0px,0px, 0);}<\/style><\/div><\/div><\/div><div class = \"tatsu-column-bg-image-wrap\"><div class = \"tatsu-column-bg-image\" ><\/div><\/div><\/div><style>.tatsu-row > .tatsu-0Z9tNo0-Xm.tatsu-column{width: 35%;}.tatsu-0Z9tNo0-Xm.tatsu-column > .tatsu-column-inner > .tatsu-column-overlay{mix-blend-mode: none;}.tatsu-0Z9tNo0-Xm > .tatsu-column-inner > .tatsu-top-divider{z-index: 9999;}.tatsu-0Z9tNo0-Xm > .tatsu-column-inner > .tatsu-bottom-divider{z-index: 9999;}.tatsu-0Z9tNo0-Xm > .tatsu-column-inner > .tatsu-left-divider{z-index: 9999;}.tatsu-0Z9tNo0-Xm > .tatsu-column-inner > .tatsu-right-divider{z-index: 9999;}@media only screen and (max-width: 767px) {.tatsu-row > .tatsu-0Z9tNo0-Xm.tatsu-column{width: 100%;}}<\/style><\/div><\/div><\/div><\/div><div class=\"tatsu-section-background-wrap\"><div class = \"tatsu-section-background\" ><\/div><\/div><style>.tatsu-W5kQtlTe3.tatsu-section{background-color: rgba(255,255,255,1);}.tatsu-W5kQtlTe3 .tatsu-section-pad{padding: 30px 0px 30px 0px;}.tatsu-W5kQtlTe3 > .tatsu-bottom-divider{z-index: 9999;}.tatsu-W5kQtlTe3 > .tatsu-top-divider{z-index: 9999;}<\/style><\/div><div  class=\"tatsu-8n3uqNwaC tatsu-section    tatsu-clearfix\" data-title=\"\"  data-headerscheme=\"background--dark\"><div class='tatsu-section-pad clearfix' data-padding='{\"d\":\"30px 0px 90px 0px\"}' data-padding-top='30px'><div class=\"tatsu-row-wrap  tatsu-wrap tatsu-row-has-one-half tatsu-row-has-two-cols tatsu-medium-gutter tatsu-reg-cols  tatsu-clearfix tatsu-xuZYU2ctLB\" ><style>.tatsu-xuZYU2ctLB.tatsu-row-wrap > .tatsu-row{padding: 21px 23px 16px 42px;border-width: 1px 1px 1px 1px;border-color: rgba(0,0,0,1); border-style: solid;}<\/style><div  class=\"tatsu-row \" ><div  class=\"tatsu-column  tatsu-column-no-bg tatsu-one-half tatsu-column-align-middle tatsu-column-image-none tatsu-column-effect-none  tatsu-BWithlEVyI\"  data-parallax-speed=\"0\" style=\"\"><div class=\"tatsu-column-inner \" ><div class=\"tatsu-column-pad-wrap\"><div class=\"tatsu-column-pad\" ><div  class=\"tatsu-module tatsu-inline-text clearfix tatsu-7PFy9s0wRy   \" ><style>.tatsu-7PFy9s0wRy .tatsu-inline-text-inner{width: 100%;text-align: left;}<\/style><div class=\"tatsu-inline-text-inner \">\n<h4>ANIMA<\/h4>\n<h5 style=\"text-align: justify;\"><span style=\"text-align: left; letter-spacing: 0px; color: #222222; font-family: 'Avenir Next'; font-size: 18px; background-color: #ffffff;\">The catalogue was published in conjunction with the 2020 edition and 7th Taiwan International Video Art Exhibition.\u00a0<\/span><\/h5>\n<\/div><\/div><div  class=\"tatsu-module tatsu-normal-button tatsu-button-wrap   tatsu-snSziMWzgR   \"><a class=\"tatsu-shortcode mediumbtn tatsu-button left-icon    bg-animation-none  \" href=\"https:\/\/www.twvideoart.org\/tiva_18https:\/\/www.e-flux.com\/announcements\/344944\/2020-taiwan-international-video-art-exhibitionanima\/\" style= \"\"  aria-label=\"More Info\" data-gdpr-atts={} ><i class=\"tatsu-icon icon-arrow_carrot-2right\"><\/i>More Info<\/a><style>.tatsu-snSziMWzgR .tatsu-button{background-color: rgba(255,255,255,1);color: rgba(0,0,0,1) ;}<\/style><\/div><\/div><\/div><div class = \"tatsu-column-bg-image-wrap\"><div class = \"tatsu-column-bg-image\" ><\/div><\/div><\/div><style>.tatsu-row > .tatsu-BWithlEVyI.tatsu-column{width: 65%;}.tatsu-BWithlEVyI.tatsu-column > .tatsu-column-inner > .tatsu-column-overlay{mix-blend-mode: none;}.tatsu-BWithlEVyI > .tatsu-column-inner > .tatsu-top-divider{z-index: 9999;}.tatsu-BWithlEVyI > .tatsu-column-inner > .tatsu-bottom-divider{z-index: 9999;}.tatsu-BWithlEVyI > .tatsu-column-inner > .tatsu-left-divider{z-index: 9999;}.tatsu-BWithlEVyI > .tatsu-column-inner > .tatsu-right-divider{z-index: 9999;}@media only screen and (max-width: 767px) {.tatsu-row > .tatsu-BWithlEVyI.tatsu-column{width: 100%;}}<\/style><\/div><div  class=\"tatsu-column  tatsu-column-no-bg tatsu-one-half tatsu-column-align-middle tatsu-column-image-none tatsu-column-effect-none  tatsu-aLT9oDQ5Q1\"  data-parallax-speed=\"0\" style=\"\"><div class=\"tatsu-column-inner \" ><div class=\"tatsu-column-pad-wrap\"><div class=\"tatsu-column-pad\" ><div  class=\"tatsu-single-image tatsu-module tatsu-image-lazyload tatsu-external-image tatsu-aK-tKUBFV  \" ><div class=\"tatsu-single-image-inner \" style=\"\" ><div class = \"tatsu-single-image-padding-wrap\" style = \"\" ><\/div><img class = \"tatsu-gradient-border\" data-src = \"https:\/\/mariamolinapeiro.com\/wp-content\/uploads\/000004_1616580926.jpeg\" alt =\" \"  src =\"data:image\/png;base64,iVBORw0KGgoAAAANSUhEUgAAAAEAAAABCAQAAAC1HAwCAAAAC0lEQVR42mNkYAAAAAYAAjCB0C8AAAAASUVORK5CYII=\"  \/><\/div><style>.tatsu-aK-tKUBFV .tatsu-single-image-inner{border-style: solid;max-width: 100%;}.tatsu-aK-tKUBFV.tatsu-single-image{transform: translate3d(0px,0px, 0);}<\/style><\/div><div  class=\"tatsu-single-image tatsu-module tatsu-external-image tatsu-ftV4KOgE2b  \" ><div class=\"tatsu-single-image-inner \" style=\"\" ><div class = \"tatsu-single-image-padding-wrap\" style = \"\" ><\/div><img class = \"tatsu-gradient-border\" src = \"https:\/\/mariamolinapeiro.com\/wp-content\/uploads\/taiwan-videoart-maria-molina-peiro.jpg\" alt =\" \"  \/><\/div><style>.tatsu-ftV4KOgE2b{margin: 0px 0px 0px 0px;}.tatsu-ftV4KOgE2b .tatsu-single-image-inner{border-style: solid;max-width: 100%;}.tatsu-ftV4KOgE2b.tatsu-single-image{transform: translate3d(0px,0px, 0);}<\/style><\/div><\/div><\/div><div class = \"tatsu-column-bg-image-wrap\"><div class = \"tatsu-column-bg-image\" ><\/div><\/div><\/div><style>.tatsu-row > .tatsu-aLT9oDQ5Q1.tatsu-column{width: 35%;}.tatsu-aLT9oDQ5Q1.tatsu-column > .tatsu-column-inner > .tatsu-column-overlay{mix-blend-mode: none;}.tatsu-aLT9oDQ5Q1 > .tatsu-column-inner > .tatsu-top-divider{z-index: 9999;}.tatsu-aLT9oDQ5Q1 > .tatsu-column-inner > .tatsu-bottom-divider{z-index: 9999;}.tatsu-aLT9oDQ5Q1 > .tatsu-column-inner > .tatsu-left-divider{z-index: 9999;}.tatsu-aLT9oDQ5Q1 > .tatsu-column-inner > .tatsu-right-divider{z-index: 9999;}@media only screen and (max-width: 767px) {.tatsu-row > .tatsu-aLT9oDQ5Q1.tatsu-column{width: 100%;}}<\/style><\/div><\/div><\/div><\/div><div class=\"tatsu-section-background-wrap\"><div class = \"tatsu-section-background\" ><\/div><\/div><style>.tatsu-8n3uqNwaC.tatsu-section{background-color: rgba(255,255,255,1);}.tatsu-8n3uqNwaC .tatsu-section-pad{padding: 30px 0px 90px 0px;}.tatsu-8n3uqNwaC > .tatsu-bottom-divider{z-index: 9999;}.tatsu-8n3uqNwaC > .tatsu-top-divider{z-index: 9999;}<\/style><\/div>\n<p><\/p>","protected":false},"excerpt":{"rendered":"<p><a href=\"https:\/\/mariamolinapeiro.com\/?page_id=9422\" class=\"more-link style1-button\">Read More<\/a><\/p>","protected":false},"author":1,"featured_media":0,"parent":0,"menu_order":0,"comment_status":"closed","ping_status":"closed","template":"","meta":{"footnotes":""},"_links":{"self":[{"href":"https:\/\/mariamolinapeiro.com\/index.php?rest_route=\/wp\/v2\/pages\/9422"}],"collection":[{"href":"https:\/\/mariamolinapeiro.com\/index.php?rest_route=\/wp\/v2\/pages"}],"about":[{"href":"https:\/\/mariamolinapeiro.com\/index.php?rest_route=\/wp\/v2\/types\/page"}],"author":[{"embeddable":true,"href":"https:\/\/mariamolinapeiro.com\/index.php?rest_route=\/wp\/v2\/users\/1"}],"replies":[{"embeddable":true,"href":"https:\/\/mariamolinapeiro.com\/index.php?rest_route=%2Fwp%2Fv2%2Fcomments&post=9422"}],"version-history":[{"count":40,"href":"https:\/\/mariamolinapeiro.com\/index.php?rest_route=\/wp\/v2\/pages\/9422\/revisions"}],"predecessor-version":[{"id":9535,"href":"https:\/\/mariamolinapeiro.com\/index.php?rest_route=\/wp\/v2\/pages\/9422\/revisions\/9535"}],"wp:attachment":[{"href":"https:\/\/mariamolinapeiro.com\/index.php?rest_route=%2Fwp%2Fv2%2Fmedia&parent=9422"}],"curies":[{"name":"wp","href":"https:\/\/api.w.org\/{rel}","templated":true}]}}